{"id":424,"date":"2023-11-11T17:28:06","date_gmt":"2023-11-11T16:28:06","guid":{"rendered":"https:\/\/metal-plastika.hr\/silos\/"},"modified":"2024-03-19T10:01:50","modified_gmt":"2024-03-19T09:01:50","slug":"silos","status":"publish","type":"page","link":"https:\/\/metal-plastika.hr\/en\/silos\/","title":{"rendered":"Silos"},"content":{"rendered":"<p>[et_pb_section fb_built=&#8221;1&#8243; custom_padding_last_edited=&#8221;on|phone&#8221; _builder_version=&#8221;4.23.1&#8243; _module_preset=&#8221;default&#8221; overflow-x=&#8221;hidden&#8221; overflow-y=&#8221;hidden&#8221; custom_margin=&#8221;0px||6px||false|false&#8221; custom_padding=&#8221;80px||32px||false|false&#8221; custom_padding_tablet=&#8221;80px||32px||false|false&#8221; custom_padding_phone=&#8221;40px||40px||true|false&#8221; global_colors_info=&#8221;{}&#8221;][et_pb_row column_structure=&#8221;1_3,2_3&#8243; use_custom_gutter=&#8221;on&#8221; gutter_width=&#8221;1&#8243; _builder_version=&#8221;4.22.2&#8243; _module_preset=&#8221;default&#8221; width=&#8221;90%&#8221; custom_margin=&#8221;0px||50px||false|false&#8221; custom_padding=&#8221;0px||0px||false|false&#8221; global_colors_info=&#8221;{}&#8221;][et_pb_column type=&#8221;1_3&#8243; _builder_version=&#8221;4.22.2&#8243; _module_preset=&#8221;default&#8221; animation_direction=&#8221;bottom&#8221; global_colors_info=&#8221;{}&#8221;][et_pb_text _builder_version=&#8221;4.23.1&#8243; _module_preset=&#8221;default&#8221; header_font=&#8221;|600|||||||&#8221; header_text_align=&#8221;left&#8221; header_text_color=&#8221;gcid-b5e5d87c-b405-4b54-bc9d-e694ebdbfd17&#8243; header_font_size=&#8221;48px&#8221; header_letter_spacing=&#8221;2px&#8221; max_width=&#8221;532px&#8221; max_width_tablet=&#8221;70%&#8221; max_width_phone=&#8221;100%&#8221; max_width_last_edited=&#8221;on|tablet&#8221; custom_margin=&#8221;0px||20px||false|false&#8221; custom_margin_tablet=&#8221;0px||0px||false|false&#8221; custom_margin_phone=&#8221;0px||||false|false&#8221; custom_margin_last_edited=&#8221;on|phone&#8221; custom_padding=&#8221;0px||0px||false|false&#8221; header_font_size_tablet=&#8221;68px&#8221; header_font_size_phone=&#8221;35px&#8221; header_font_size_last_edited=&#8221;on|tablet&#8221; global_colors_info=&#8221;{%22gcid-b5e5d87c-b405-4b54-bc9d-e694ebdbfd17%22:%91%22header_text_color%22%93}&#8221;]<\/p>\n<h1>SILOS<\/h1>\n<p>[\/et_pb_text][et_pb_text _builder_version=&#8221;4.22.2&#8243; _module_preset=&#8221;default&#8221; header_4_font=&#8221;||||||||&#8221; header_4_text_align=&#8221;left&#8221; header_4_text_color=&#8221;gcid-0b0ff22d-580d-44ed-936b-6ad7bd381cf1&#8243; custom_margin=&#8221;0px||20px||false|false&#8221; custom_padding=&#8221;0px||0px||false|false&#8221; custom_css_main_element=&#8221;display:inline-block;&#8221; custom_css_after=&#8221;content: &#8221;;||    position: absolute;||    width: 30px;||    height: 1px;||    background-color: #22b24c;||    right: -43px;||    top: 5px;&#8221; global_colors_info=&#8221;{%22gcid-0b0ff22d-580d-44ed-936b-6ad7bd381cf1%22:%91%22header_4_text_color%22%93}&#8221;]<\/p>\n<h4>TYPES OF SILOS<\/h4>\n<p>[\/et_pb_text][\/et_pb_column][et_pb_column type=&#8221;2_3&#8243; _builder_version=&#8221;4.22.2&#8243; _module_preset=&#8221;default&#8221; custom_padding=&#8221;||||false|false&#8221; animation_direction=&#8221;bottom&#8221; global_colors_info=&#8221;{}&#8221;][et_pb_text disabled_on=&#8221;off|off|off&#8221; _builder_version=&#8221;4.23.1&#8243; _module_preset=&#8221;default&#8221; text_font=&#8221;Trebuchet|300|||||||&#8221; text_text_color=&#8221;#000000&#8243; text_font_size=&#8221;17px&#8221; text_line_height=&#8221;1.3em&#8221; module_alignment=&#8221;center&#8221; custom_margin=&#8221;0px||7px||false|false&#8221; custom_padding=&#8221;0px||0px||false|false&#8221; text_font_size_tablet=&#8221;18px&#8221; text_font_size_phone=&#8221;16px&#8221; text_font_size_last_edited=&#8221;on|phone&#8221; global_colors_info=&#8221;{}&#8221;]<\/p>\n<p>Welcome to our website on silos &#8211; a key aspect of modern agricultural resource management. Silos are the heart of efficient storage of grains, seeds and other agricultural products.<\/p>\n<p>Discover how our innovative solutions improve the safety and longevity of your crops, providing optimal storage conditions. Reduce losses, increase efficiency and ensure the quality of your agricultural products. Through our site, explore how our silos support your farming success.<\/p>\n<p>[\/et_pb_text][\/et_pb_column][\/et_pb_row][et_pb_row column_structure=&#8221;1_3,2_3&#8243; use_custom_gutter=&#8221;on&#8221; gutter_width=&#8221;1&#8243; _builder_version=&#8221;4.22.2&#8243; _module_preset=&#8221;default&#8221; width=&#8221;90%&#8221; custom_margin=&#8221;0px||0px||false|false&#8221; custom_padding=&#8221;0px||0px||false|false&#8221; global_colors_info=&#8221;{}&#8221;][et_pb_column type=&#8221;1_3&#8243; _builder_version=&#8221;4.19.4&#8243; _module_preset=&#8221;default&#8221; animation_style=&#8221;slide&#8221; animation_direction=&#8221;bottom&#8221; animation_intensity_slide=&#8221;10%&#8221; animation_speed_curve=&#8221;ease&#8221; global_colors_info=&#8221;{}&#8221;][et_pb_text _builder_version=&#8221;4.23.1&#8243; _module_preset=&#8221;default&#8221; text_font=&#8221;Trebuchet||||||||&#8221; text_text_color=&#8221;gcid-b5e5d87c-b405-4b54-bc9d-e694ebdbfd17&#8243; text_font_size=&#8221;16px&#8221; header_font=&#8221;|700|||||||&#8221; header_text_align=&#8221;left&#8221; header_text_color=&#8221;#FFFFFF&#8221; header_font_size=&#8221;50px&#8221; header_letter_spacing=&#8221;2px&#8221; header_2_font=&#8221;|||on|||||&#8221; header_2_text_color=&#8221;gcid-b5e5d87c-b405-4b54-bc9d-e694ebdbfd17&#8243; header_2_font_size=&#8221;20px&#8221; max_width=&#8221;670px&#8221; max_width_tablet=&#8221;70%&#8221; max_width_phone=&#8221;100%&#8221; max_width_last_edited=&#8221;on|tablet&#8221; custom_margin=&#8221;0px||0px||false|false&#8221; custom_margin_tablet=&#8221;0px||0px||false|false&#8221; custom_margin_phone=&#8221;0px||-10px||false|false&#8221; custom_margin_last_edited=&#8221;on|phone&#8221; custom_padding=&#8221;0px||25px||false|false&#8221; header_font_size_tablet=&#8221;68px&#8221; header_font_size_phone=&#8221;58px&#8221; header_font_size_last_edited=&#8221;on|tablet&#8221; global_colors_info=&#8221;{%22gcid-b5e5d87c-b405-4b54-bc9d-e694ebdbfd17%22:%91%22text_text_color%22,%22header_2_text_color%22%93}&#8221;]<\/p>\n<h2>Flat bottom silos<\/h2>\n<p>&#8211; internal silos (without roof)<br \/>&#8211; external silos (with a roof)<\/p>\n<p>[\/et_pb_text][\/et_pb_column][et_pb_column type=&#8221;2_3&#8243; _builder_version=&#8221;4.22.2&#8243; _module_preset=&#8221;default&#8221; custom_padding=&#8221;||||false|false&#8221; animation_style=&#8221;slide&#8221; animation_direction=&#8221;bottom&#8221; animation_delay=&#8221;600ms&#8221; animation_intensity_slide=&#8221;10%&#8221; animation_speed_curve=&#8221;ease&#8221; global_colors_info=&#8221;{}&#8221;][et_pb_gallery gallery_ids=&#8221;224,226,227&#8243; posts_number=&#8221;2&#8243; show_title_and_caption=&#8221;off&#8221; zoom_icon_color=&#8221;RGBA(255,255,255,0)&#8221; hover_overlay_color=&#8221;RGBA(255,255,255,0)&#8221; _builder_version=&#8221;4.22.2&#8243; _module_preset=&#8221;default&#8221; custom_margin=&#8221;|||0px|false|false&#8221; custom_padding=&#8221;|||0px|false|false&#8221; custom_css_gallery_item=&#8221;padding: 10px;&#8221; global_colors_info=&#8221;{}&#8221;][\/et_pb_gallery][\/et_pb_column][\/et_pb_row][et_pb_row column_structure=&#8221;1_3,2_3&#8243; use_custom_gutter=&#8221;on&#8221; gutter_width=&#8221;1&#8243; _builder_version=&#8221;4.22.2&#8243; _module_preset=&#8221;default&#8221; width=&#8221;90%&#8221; custom_margin=&#8221;0px||0px||false|false&#8221; custom_padding=&#8221;0px||0px||false|false&#8221; global_colors_info=&#8221;{}&#8221;][et_pb_column type=&#8221;1_3&#8243; _builder_version=&#8221;4.19.4&#8243; _module_preset=&#8221;default&#8221; animation_style=&#8221;slide&#8221; animation_direction=&#8221;bottom&#8221; animation_intensity_slide=&#8221;10%&#8221; animation_speed_curve=&#8221;ease&#8221; global_colors_info=&#8221;{}&#8221;][et_pb_text _builder_version=&#8221;4.23.1&#8243; _module_preset=&#8221;default&#8221; text_font=&#8221;Albert Sans||||||||&#8221; text_text_color=&#8221;gcid-b5e5d87c-b405-4b54-bc9d-e694ebdbfd17&#8243; text_font_size=&#8221;16px&#8221; header_font=&#8221;|700|||||||&#8221; header_text_align=&#8221;left&#8221; header_text_color=&#8221;#FFFFFF&#8221; header_font_size=&#8221;50px&#8221; header_letter_spacing=&#8221;2px&#8221; header_2_font=&#8221;|||on|||||&#8221; header_2_text_color=&#8221;gcid-b5e5d87c-b405-4b54-bc9d-e694ebdbfd17&#8243; header_2_font_size=&#8221;20px&#8221; max_width=&#8221;670px&#8221; max_width_tablet=&#8221;70%&#8221; max_width_phone=&#8221;100%&#8221; max_width_last_edited=&#8221;on|tablet&#8221; custom_margin=&#8221;0px||0px||false|false&#8221; custom_margin_tablet=&#8221;0px||0px||false|false&#8221; custom_margin_phone=&#8221;0px||-10px||false|false&#8221; custom_margin_last_edited=&#8221;on|phone&#8221; custom_padding=&#8221;0px||25px||false|false&#8221; header_font_size_tablet=&#8221;68px&#8221; header_font_size_phone=&#8221;58px&#8221; header_font_size_last_edited=&#8221;on|tablet&#8221; global_colors_info=&#8221;{%22gcid-b5e5d87c-b405-4b54-bc9d-e694ebdbfd17%22:%91%22text_text_color%22,%22header_2_text_color%22%93}&#8221;]<\/p>\n<h2>Silos with funnel (conical bottom)<\/h2>\n<p>&#8211; internal silos (without roof)<br \/>&#8211; external silos (with a roof)<\/p>\n<p>[\/et_pb_text][\/et_pb_column][et_pb_column type=&#8221;2_3&#8243; _builder_version=&#8221;4.22.2&#8243; _module_preset=&#8221;default&#8221; custom_padding=&#8221;||||false|false&#8221; animation_style=&#8221;slide&#8221; animation_direction=&#8221;bottom&#8221; animation_delay=&#8221;600ms&#8221; animation_intensity_slide=&#8221;10%&#8221; animation_speed_curve=&#8221;ease&#8221; global_colors_info=&#8221;{}&#8221;][et_pb_gallery gallery_ids=&#8221;225,155,99,229&#8243; posts_number=&#8221;2&#8243; show_title_and_caption=&#8221;off&#8221; zoom_icon_color=&#8221;RGBA(255,255,255,0)&#8221; hover_overlay_color=&#8221;RGBA(255,255,255,0)&#8221; _builder_version=&#8221;4.22.2&#8243; _module_preset=&#8221;default&#8221; custom_padding=&#8221;|||0px|false|false&#8221; custom_css_gallery_item=&#8221;padding: 10px;&#8221; global_colors_info=&#8221;{}&#8221;][\/et_pb_gallery][\/et_pb_column][\/et_pb_row][et_pb_row column_structure=&#8221;1_3,2_3&#8243; use_custom_gutter=&#8221;on&#8221; gutter_width=&#8221;1&#8243; _builder_version=&#8221;4.22.2&#8243; _module_preset=&#8221;default&#8221; width=&#8221;90%&#8221; custom_margin=&#8221;0px||0px||false|false&#8221; custom_padding=&#8221;0px||0px||false|false&#8221; global_colors_info=&#8221;{}&#8221;][et_pb_column type=&#8221;1_3&#8243; _builder_version=&#8221;4.19.4&#8243; _module_preset=&#8221;default&#8221; animation_style=&#8221;slide&#8221; animation_direction=&#8221;bottom&#8221; animation_intensity_slide=&#8221;10%&#8221; animation_speed_curve=&#8221;ease&#8221; global_colors_info=&#8221;{}&#8221;][et_pb_text _builder_version=&#8221;4.23.1&#8243; _module_preset=&#8221;default&#8221; text_font=&#8221;Albert Sans||||||||&#8221; text_text_color=&#8221;gcid-b5e5d87c-b405-4b54-bc9d-e694ebdbfd17&#8243; text_font_size=&#8221;16px&#8221; header_font=&#8221;|700|||||||&#8221; header_text_align=&#8221;left&#8221; header_text_color=&#8221;#FFFFFF&#8221; header_font_size=&#8221;50px&#8221; header_letter_spacing=&#8221;2px&#8221; header_2_font=&#8221;|||on|||||&#8221; header_2_text_color=&#8221;gcid-b5e5d87c-b405-4b54-bc9d-e694ebdbfd17&#8243; header_2_font_size=&#8221;20px&#8221; max_width=&#8221;670px&#8221; max_width_tablet=&#8221;70%&#8221; max_width_phone=&#8221;100%&#8221; max_width_last_edited=&#8221;on|tablet&#8221; custom_margin=&#8221;0px||0px||false|false&#8221; custom_margin_tablet=&#8221;0px||0px||false|false&#8221; custom_margin_phone=&#8221;0px||-10px||false|false&#8221; custom_margin_last_edited=&#8221;on|phone&#8221; custom_padding=&#8221;0px||25px||false|false&#8221; header_font_size_tablet=&#8221;68px&#8221; header_font_size_phone=&#8221;58px&#8221; header_font_size_last_edited=&#8221;on|tablet&#8221; global_colors_info=&#8221;{%22gcid-b5e5d87c-b405-4b54-bc9d-e694ebdbfd17%22:%91%22text_text_color%22,%22header_2_text_color%22%93}&#8221;]<\/p>\n<h2>Fans and ducts<\/h2>\n<h2>for blowing out silos<\/h2>\n<p>[\/et_pb_text][\/et_pb_column][et_pb_column type=&#8221;2_3&#8243; _builder_version=&#8221;4.22.2&#8243; _module_preset=&#8221;default&#8221; custom_padding=&#8221;||||false|false&#8221; animation_style=&#8221;slide&#8221; animation_direction=&#8221;bottom&#8221; animation_delay=&#8221;600ms&#8221; animation_intensity_slide=&#8221;10%&#8221; animation_speed_curve=&#8221;ease&#8221; global_colors_info=&#8221;{}&#8221;][et_pb_gallery gallery_ids=&#8221;230,233,234,231,232&#8243; posts_number=&#8221;2&#8243; show_title_and_caption=&#8221;off&#8221; zoom_icon_color=&#8221;RGBA(255,255,255,0)&#8221; hover_overlay_color=&#8221;RGBA(255,255,255,0)&#8221; _builder_version=&#8221;4.22.2&#8243; _module_preset=&#8221;default&#8221; custom_padding=&#8221;|||0px|false|false&#8221; custom_css_gallery_item=&#8221;padding: 10px;&#8221; global_colors_info=&#8221;{}&#8221;][\/et_pb_gallery][\/et_pb_column][\/et_pb_row][\/et_pb_section]<\/p>\n","protected":false},"excerpt":{"rendered":"<p>SILOSTYPES OF SILOSWelcome to our website on silos &#8211; a key aspect of modern agricultural resource management. Silos are the heart of efficient storage of grains, seeds and other agricultural products. Discover how our innovative solutions improve the safety and longevity of your crops, providing optimal storage conditions. Reduce losses, increase efficiency and ensure the [&hellip;]<\/p>\n","protected":false},"author":1,"featured_media":0,"parent":0,"menu_order":0,"comment_status":"closed","ping_status":"closed","template":"","meta":{"_et_pb_use_builder":"on","_et_pb_old_content":"","_et_gb_content_width":"","footnotes":""},"class_list":["post-424","page","type-page","status-publish","hentry"],"yoast_head":"<!-- This site is optimized with the Yoast SEO plugin v27.0 - https:\/\/yoast.com\/product\/yoast-seo-wordpress\/ -->\n<title>Silos - METAL-PLASTIKA<\/title>\n<meta name=\"description\" content=\"Reduce losses, increase efficiency and ensure the quality of your agricultural products. Through our site, explore how our silos support your farming success.\" \/>\n<meta name=\"robots\" content=\"index, follow, max-snippet:-1, max-image-preview:large, max-video-preview:-1\" \/>\n<link rel=\"canonical\" href=\"https:\/\/metal-plastika.hr\/en\/silos\/\" \/>\n<meta property=\"og:locale\" content=\"en_US\" \/>\n<meta property=\"og:type\" content=\"article\" \/>\n<meta property=\"og:title\" content=\"Silos - METAL-PLASTIKA\" \/>\n<meta property=\"og:description\" content=\"Reduce losses, increase efficiency and ensure the quality of your agricultural products. Through our site, explore how our silos support your farming success.\" \/>\n<meta property=\"og:url\" content=\"https:\/\/metal-plastika.hr\/en\/silos\/\" \/>\n<meta property=\"og:site_name\" content=\"METAL-PLASTIKA\" \/>\n<meta property=\"article:modified_time\" content=\"2024-03-19T09:01:50+00:00\" \/>\n<meta name=\"twitter:card\" content=\"summary_large_image\" \/>\n<meta name=\"twitter:label1\" content=\"Est. reading time\" \/>\n\t<meta name=\"twitter:data1\" content=\"7 minutes\" \/>\n<script type=\"application\/ld+json\" class=\"yoast-schema-graph\">{\"@context\":\"https:\/\/schema.org\",\"@graph\":[{\"@type\":\"WebPage\",\"@id\":\"https:\/\/metal-plastika.hr\/en\/silos\/\",\"url\":\"https:\/\/metal-plastika.hr\/en\/silos\/\",\"name\":\"Silos - METAL-PLASTIKA\",\"isPartOf\":{\"@id\":\"https:\/\/metal-plastika.hr\/en\/#website\"},\"datePublished\":\"2023-11-11T16:28:06+00:00\",\"dateModified\":\"2024-03-19T09:01:50+00:00\",\"description\":\"Reduce losses, increase efficiency and ensure the quality of your agricultural products. Through our site, explore how our silos support your farming success.\",\"breadcrumb\":{\"@id\":\"https:\/\/metal-plastika.hr\/en\/silos\/#breadcrumb\"},\"inLanguage\":\"en-US\",\"potentialAction\":[{\"@type\":\"ReadAction\",\"target\":[\"https:\/\/metal-plastika.hr\/en\/silos\/\"]}]},{\"@type\":\"BreadcrumbList\",\"@id\":\"https:\/\/metal-plastika.hr\/en\/silos\/#breadcrumb\",\"itemListElement\":[{\"@type\":\"ListItem\",\"position\":1,\"name\":\"Po\u010detna stranica\",\"item\":\"https:\/\/metal-plastika.hr\/en\/intro\/\"},{\"@type\":\"ListItem\",\"position\":2,\"name\":\"Silos\"}]},{\"@type\":\"WebSite\",\"@id\":\"https:\/\/metal-plastika.hr\/en\/#website\",\"url\":\"https:\/\/metal-plastika.hr\/en\/\",\"name\":\"METAL-PLASTIKA\",\"description\":\"Proizvodnja opreme za skladi\u0161tenje, transport i \u010di\u0161\u010denje \u017eitarica\",\"publisher\":{\"@id\":\"https:\/\/metal-plastika.hr\/en\/#organization\"},\"potentialAction\":[{\"@type\":\"SearchAction\",\"target\":{\"@type\":\"EntryPoint\",\"urlTemplate\":\"https:\/\/metal-plastika.hr\/en\/?s={search_term_string}\"},\"query-input\":{\"@type\":\"PropertyValueSpecification\",\"valueRequired\":true,\"valueName\":\"search_term_string\"}}],\"inLanguage\":\"en-US\"},{\"@type\":\"Organization\",\"@id\":\"https:\/\/metal-plastika.hr\/en\/#organization\",\"name\":\"METAL-PLASTIKA\",\"url\":\"https:\/\/metal-plastika.hr\/en\/\",\"logo\":{\"@type\":\"ImageObject\",\"inLanguage\":\"en-US\",\"@id\":\"https:\/\/metal-plastika.hr\/en\/#\/schema\/logo\/image\/\",\"url\":\"https:\/\/metal-plastika.hr\/wp-content\/uploads\/2023\/10\/logo-org.-45x167-1.png\",\"contentUrl\":\"https:\/\/metal-plastika.hr\/wp-content\/uploads\/2023\/10\/logo-org.-45x167-1.png\",\"width\":531,\"height\":198,\"caption\":\"METAL-PLASTIKA\"},\"image\":{\"@id\":\"https:\/\/metal-plastika.hr\/en\/#\/schema\/logo\/image\/\"}}]}<\/script>\n<!-- \/ Yoast SEO plugin. -->","yoast_head_json":{"title":"Silos - METAL-PLASTIKA","description":"Reduce losses, increase efficiency and ensure the quality of your agricultural products. Through our site, explore how our silos support your farming success.","robots":{"index":"index","follow":"follow","max-snippet":"max-snippet:-1","max-image-preview":"max-image-preview:large","max-video-preview":"max-video-preview:-1"},"canonical":"https:\/\/metal-plastika.hr\/en\/silos\/","og_locale":"en_US","og_type":"article","og_title":"Silos - METAL-PLASTIKA","og_description":"Reduce losses, increase efficiency and ensure the quality of your agricultural products. Through our site, explore how our silos support your farming success.","og_url":"https:\/\/metal-plastika.hr\/en\/silos\/","og_site_name":"METAL-PLASTIKA","article_modified_time":"2024-03-19T09:01:50+00:00","twitter_card":"summary_large_image","twitter_misc":{"Est. reading time":"7 minutes"},"schema":{"@context":"https:\/\/schema.org","@graph":[{"@type":"WebPage","@id":"https:\/\/metal-plastika.hr\/en\/silos\/","url":"https:\/\/metal-plastika.hr\/en\/silos\/","name":"Silos - METAL-PLASTIKA","isPartOf":{"@id":"https:\/\/metal-plastika.hr\/en\/#website"},"datePublished":"2023-11-11T16:28:06+00:00","dateModified":"2024-03-19T09:01:50+00:00","description":"Reduce losses, increase efficiency and ensure the quality of your agricultural products. Through our site, explore how our silos support your farming success.","breadcrumb":{"@id":"https:\/\/metal-plastika.hr\/en\/silos\/#breadcrumb"},"inLanguage":"en-US","potentialAction":[{"@type":"ReadAction","target":["https:\/\/metal-plastika.hr\/en\/silos\/"]}]},{"@type":"BreadcrumbList","@id":"https:\/\/metal-plastika.hr\/en\/silos\/#breadcrumb","itemListElement":[{"@type":"ListItem","position":1,"name":"Po\u010detna stranica","item":"https:\/\/metal-plastika.hr\/en\/intro\/"},{"@type":"ListItem","position":2,"name":"Silos"}]},{"@type":"WebSite","@id":"https:\/\/metal-plastika.hr\/en\/#website","url":"https:\/\/metal-plastika.hr\/en\/","name":"METAL-PLASTIKA","description":"Proizvodnja opreme za skladi\u0161tenje, transport i \u010di\u0161\u010denje \u017eitarica","publisher":{"@id":"https:\/\/metal-plastika.hr\/en\/#organization"},"potentialAction":[{"@type":"SearchAction","target":{"@type":"EntryPoint","urlTemplate":"https:\/\/metal-plastika.hr\/en\/?s={search_term_string}"},"query-input":{"@type":"PropertyValueSpecification","valueRequired":true,"valueName":"search_term_string"}}],"inLanguage":"en-US"},{"@type":"Organization","@id":"https:\/\/metal-plastika.hr\/en\/#organization","name":"METAL-PLASTIKA","url":"https:\/\/metal-plastika.hr\/en\/","logo":{"@type":"ImageObject","inLanguage":"en-US","@id":"https:\/\/metal-plastika.hr\/en\/#\/schema\/logo\/image\/","url":"https:\/\/metal-plastika.hr\/wp-content\/uploads\/2023\/10\/logo-org.-45x167-1.png","contentUrl":"https:\/\/metal-plastika.hr\/wp-content\/uploads\/2023\/10\/logo-org.-45x167-1.png","width":531,"height":198,"caption":"METAL-PLASTIKA"},"image":{"@id":"https:\/\/metal-plastika.hr\/en\/#\/schema\/logo\/image\/"}}]}},"_links":{"self":[{"href":"https:\/\/metal-plastika.hr\/en\/wp-json\/wp\/v2\/pages\/424","targetHints":{"allow":["GET"]}}],"collection":[{"href":"https:\/\/metal-plastika.hr\/en\/wp-json\/wp\/v2\/pages"}],"about":[{"href":"https:\/\/metal-plastika.hr\/en\/wp-json\/wp\/v2\/types\/page"}],"author":[{"embeddable":true,"href":"https:\/\/metal-plastika.hr\/en\/wp-json\/wp\/v2\/users\/1"}],"replies":[{"embeddable":true,"href":"https:\/\/metal-plastika.hr\/en\/wp-json\/wp\/v2\/comments?post=424"}],"version-history":[{"count":9,"href":"https:\/\/metal-plastika.hr\/en\/wp-json\/wp\/v2\/pages\/424\/revisions"}],"predecessor-version":[{"id":558,"href":"https:\/\/metal-plastika.hr\/en\/wp-json\/wp\/v2\/pages\/424\/revisions\/558"}],"wp:attachment":[{"href":"https:\/\/metal-plastika.hr\/en\/wp-json\/wp\/v2\/media?parent=424"}],"curies":[{"name":"wp","href":"https:\/\/api.w.org\/{rel}","templated":true}]}}