{"id":418,"date":"2023-11-11T16:58:56","date_gmt":"2023-11-11T15:58:56","guid":{"rendered":"https:\/\/metal-plastika.hr\/about-us\/"},"modified":"2023-11-20T11:18:22","modified_gmt":"2023-11-20T10:18:22","slug":"about-us","status":"publish","type":"page","link":"https:\/\/metal-plastika.hr\/en\/about-us\/","title":{"rendered":"About us"},"content":{"rendered":"<p>[et_pb_section fb_built=&#8221;1&#8243; custom_padding_last_edited=&#8221;on|phone&#8221; _builder_version=&#8221;4.23.1&#8243; _module_preset=&#8221;default&#8221; custom_padding=&#8221;37px|||||&#8221; custom_padding_tablet=&#8221;37px|||||&#8221; custom_padding_phone=&#8221;0px||0px||false|false&#8221; global_colors_info=&#8221;{}&#8221;][et_pb_row column_structure=&#8221;2_5,3_5&#8243; use_custom_gutter=&#8221;on&#8221; gutter_width=&#8221;2&#8243; _builder_version=&#8221;4.23.1&#8243; _module_preset=&#8221;default&#8221; width=&#8221;90%&#8221; custom_margin=&#8221;0px|auto|0px|auto|false|false&#8221; custom_margin_tablet=&#8221;0px||89px||false|false&#8221; custom_margin_phone=&#8221;0px||0px||false|false&#8221; custom_margin_last_edited=&#8221;on|phone&#8221; custom_padding=&#8221;30px||30px||true|false&#8221; global_colors_info=&#8221;{}&#8221;][et_pb_column type=&#8221;2_5&#8243; _builder_version=&#8221;4.22.2&#8243; _module_preset=&#8221;default&#8221; global_colors_info=&#8221;{}&#8221;][et_pb_text _builder_version=&#8221;4.22.2&#8243; _module_preset=&#8221;default&#8221; header_4_font=&#8221;||||||||&#8221; header_4_text_align=&#8221;left&#8221; header_4_text_color=&#8221;gcid-0b0ff22d-580d-44ed-936b-6ad7bd381cf1&#8243; custom_margin=&#8221;0px||20px||false|false&#8221; custom_padding=&#8221;0px||0px||false|false&#8221; custom_css_main_element=&#8221;display:inline-block;&#8221; custom_css_after=&#8221;content: &#8221;;||    position: absolute;||    width: 30px;||    height: 1px;||    background-color: #22b24c;||    right: -43px;||    top: 5px;&#8221; global_colors_info=&#8221;{%22gcid-0b0ff22d-580d-44ed-936b-6ad7bd381cf1%22:%91%22header_4_text_color%22%93}&#8221;]<\/p>\n<h4>ABOUT US<\/h4>\n<p>[\/et_pb_text][et_pb_text _builder_version=&#8221;4.23.1&#8243; _module_preset=&#8221;default&#8221; text_font=&#8221;||||||||&#8221; text_text_color=&#8221;gcid-b5e5d87c-b405-4b54-bc9d-e694ebdbfd17&#8243; text_font_size=&#8221;16px&#8221; header_font=&#8221;|700|||||||&#8221; header_text_align=&#8221;left&#8221; header_text_color=&#8221;gcid-b5e5d87c-b405-4b54-bc9d-e694ebdbfd17&#8243; header_font_size=&#8221;50px&#8221; header_letter_spacing=&#8221;2px&#8221; header_2_font=&#8221;|700|||||||&#8221; header_2_text_color=&#8221;gcid-b5e5d87c-b405-4b54-bc9d-e694ebdbfd17&#8243; header_2_font_size=&#8221;40px&#8221; max_width=&#8221;670px&#8221; max_width_tablet=&#8221;70%&#8221; max_width_phone=&#8221;100%&#8221; max_width_last_edited=&#8221;on|tablet&#8221; custom_margin=&#8221;0px||0px||false|false&#8221; custom_margin_tablet=&#8221;0px||0px||false|false&#8221; custom_margin_phone=&#8221;0px||-10px||false|false&#8221; custom_margin_last_edited=&#8221;on|phone&#8221; custom_padding=&#8221;0px||25px||false|false&#8221; hover_enabled=&#8221;0&#8243; header_font_size_tablet=&#8221;68px&#8221; header_font_size_phone=&#8221;58px&#8221; header_font_size_last_edited=&#8221;on|tablet&#8221; header_2_font_size_tablet=&#8221;40px&#8221; header_2_font_size_phone=&#8221;30px&#8221; header_2_font_size_last_edited=&#8221;on|phone&#8221; global_colors_info=&#8221;{%22gcid-b5e5d87c-b405-4b54-bc9d-e694ebdbfd17%22:%91%22text_text_color%22,%22header_text_color%22,%22header_2_text_color%22%93}&#8221; sticky_enabled=&#8221;0&#8243;]<\/p>\n<h2>METAL-PLASTIKA<\/h2>\n<p>Vara\u017edin, Vara\u017edinska street &#8211; branch III 6, Jalkovec.<\/p>\n<p>[\/et_pb_text][et_pb_image src=&#8221;https:\/\/metal-plastika.hr\/wp-content\/uploads\/2023\/11\/mp-favicon1.png&#8221; title_text=&#8221;mp-favicon1&#8243; _builder_version=&#8221;4.23.1&#8243; _module_preset=&#8221;default&#8221; width=&#8221;46%&#8221; width_tablet=&#8221;46%&#8221; width_phone=&#8221;200px&#8221; width_last_edited=&#8221;on|phone&#8221; global_colors_info=&#8221;{}&#8221;][\/et_pb_image][et_pb_text _builder_version=&#8221;4.23.1&#8243; _module_preset=&#8221;default&#8221; text_font=&#8221;||||||||&#8221; text_text_color=&#8221;gcid-b5e5d87c-b405-4b54-bc9d-e694ebdbfd17&#8243; text_font_size=&#8221;16px&#8221; text_line_height=&#8221;1.6em&#8221; width=&#8221;90%&#8221; custom_margin=&#8221;0px||0px||false|false&#8221; custom_padding=&#8221;0px||||false|false&#8221; hover_enabled=&#8221;0&#8243; text_font_size_tablet=&#8221;18px&#8221; text_font_size_phone=&#8221;16px&#8221; text_font_size_last_edited=&#8221;on|phone&#8221; global_colors_info=&#8221;{%22gcid-b5e5d87c-b405-4b54-bc9d-e694ebdbfd17%22:%91%22text_text_color%22%93}&#8221; sticky_enabled=&#8221;0&#8243;]<\/p>\n<p>For the last 20 years or so, METAL-PLASTIKA has specialized in the production of equipment for storing, transporting and cleaning grains.<\/p>\n<p>[\/et_pb_text][et_pb_divider _builder_version=&#8221;4.22.2&#8243; _module_preset=&#8221;default&#8221; custom_margin=&#8221;||7px||false|&#8221; custom_padding=&#8221;20px||||false|false&#8221; global_colors_info=&#8221;{}&#8221;][\/et_pb_divider][et_pb_text _builder_version=&#8221;4.23.1&#8243; _module_preset=&#8221;default&#8221; text_font=&#8221;|300|||||||&#8221; text_text_color=&#8221;gcid-b5e5d87c-b405-4b54-bc9d-e694ebdbfd17&#8243; text_font_size=&#8221;16px&#8221; text_line_height=&#8221;1.6em&#8221; custom_margin=&#8221;0px||0px||false|false&#8221; custom_padding=&#8221;0px||0px||false|false&#8221; hover_enabled=&#8221;0&#8243; text_font_size_tablet=&#8221;18px&#8221; text_font_size_phone=&#8221;16px&#8221; text_font_size_last_edited=&#8221;on|phone&#8221; global_colors_info=&#8221;{%22gcid-b5e5d87c-b405-4b54-bc9d-e694ebdbfd17%22:%91%22text_text_color%22%93}&#8221; sticky_enabled=&#8221;0&#8243;]<\/p>\n<p>METAL-PLASTIKA offers quality silos, transport systems and grain cleaning equipment that are ideal for various storage and transport needs. Our hopper silos ensure even dosing and discharge of material, ensuring consistent quality of your products.<\/p>\n<p>For fast and efficient transfer, screw conveyors are at your disposal that can be powered by electric motor or hydro motor, if there is a need for transshipment in the field.<\/p>\n<p>[\/et_pb_text][et_pb_text disabled_on=&#8221;off|off|off&#8221; _builder_version=&#8221;4.23.1&#8243; _module_preset=&#8221;default&#8221; text_font=&#8221;|300|||||||&#8221; text_text_color=&#8221;gcid-b5e5d87c-b405-4b54-bc9d-e694ebdbfd17&#8243; text_font_size=&#8221;16px&#8221; text_line_height=&#8221;1.3em&#8221; custom_margin=&#8221;33px||7px||false|false&#8221; custom_padding=&#8221;0px||12px||false|false&#8221; hover_enabled=&#8221;0&#8243; text_font_size_tablet=&#8221;18px&#8221; text_font_size_phone=&#8221;16px&#8221; text_font_size_last_edited=&#8221;on|phone&#8221; global_colors_info=&#8221;{%22gcid-b5e5d87c-b405-4b54-bc9d-e694ebdbfd17%22:%91%22text_text_color%22%93}&#8221; sticky_enabled=&#8221;0&#8243;]<\/p>\n<p>For more information, contact us by phone, e-mail or contact form.<\/p>\n<p>[\/et_pb_text][et_pb_blurb title=&#8221;042\/370 300 | 091\/579 0889 &#8221; use_icon=&#8221;on&#8221; font_icon=&#8221;&#xf098;||fa||900&#8243; icon_placement=&#8221;left&#8221; image_icon_width_tablet=&#8221;&#8221; image_icon_width_phone=&#8221;20px&#8221; image_icon_width_last_edited=&#8221;on|phone&#8221; _builder_version=&#8221;4.23.1&#8243; _module_preset=&#8221;default&#8221; header_font_size=&#8221;22px&#8221; custom_margin_tablet=&#8221;&#8221; custom_margin_phone=&#8221;||0px||false|false&#8221; custom_margin_last_edited=&#8221;on|phone&#8221; custom_padding_tablet=&#8221;&#8221; custom_padding_phone=&#8221;||0px||false|false&#8221; custom_padding_last_edited=&#8221;on|phone&#8221; hover_enabled=&#8221;0&#8243; header_font_size_tablet=&#8221;22px&#8221; header_font_size_phone=&#8221;18px&#8221; header_font_size_last_edited=&#8221;on|phone&#8221; global_colors_info=&#8221;{}&#8221; image_icon_width=&#8221;30px&#8221; sticky_enabled=&#8221;0&#8243;][\/et_pb_blurb][et_pb_blurb title=&#8221;info@metal-plastika.hr&#8221; use_icon=&#8221;on&#8221; font_icon=&#8221;&#xf3e5;||fa||900&#8243; icon_placement=&#8221;left&#8221; image_icon_width=&#8221;28px&#8221; image_icon_width_tablet=&#8221;28px&#8221; image_icon_width_phone=&#8221;20px&#8221; image_icon_width_last_edited=&#8221;on|phone&#8221; _builder_version=&#8221;4.23.1&#8243; _module_preset=&#8221;default&#8221; header_font_size=&#8221;22px&#8221; custom_margin=&#8221;8px||||false|false&#8221; header_font_size_tablet=&#8221;22px&#8221; header_font_size_phone=&#8221;18px&#8221; header_font_size_last_edited=&#8221;on|phone&#8221; global_colors_info=&#8221;{}&#8221;][\/et_pb_blurb][et_pb_button button_text=&#8221;SEND US AN INQUIRY&#8221; button_alignment=&#8221;right&#8221; disabled_on=&#8221;off|off|off&#8221; _builder_version=&#8221;4.23.1&#8243; _module_preset=&#8221;default&#8221; custom_button=&#8221;on&#8221; button_border_width=&#8221;0px&#8221; button_use_icon=&#8221;off&#8221; custom_margin=&#8221;25px||0px||false|false&#8221; custom_padding=&#8221;5px|15px|5px|15px|true|true&#8221; animation_style=&#8221;slide&#8221; animation_direction=&#8221;left&#8221; button_text_size_tablet=&#8221;&#8221; button_text_size_phone=&#8221;18px&#8221; button_text_size_last_edited=&#8221;on|phone&#8221; global_colors_info=&#8221;{%22gcid-0b0ff22d-580d-44ed-936b-6ad7bd381cf1%22:%91%22button_text_color__hover%22%93,%22gcid-b5e5d87c-b405-4b54-bc9d-e694ebdbfd17%22:%91%22button_bg_color__hover%22%93}&#8221; button_letter_spacing__hover_enabled=&#8221;on|hover&#8221; button_letter_spacing__hover=&#8221;0px&#8221; button_text_color__hover_enabled=&#8221;on|hover&#8221; button_text_color__hover=&#8221;#22b24c&#8221; button_bg_color__hover_enabled=&#8221;on|hover&#8221; button_bg_color__hover=&#8221;#3f3f3f&#8221; button_bg_enable_color__hover=&#8221;on&#8221;][\/et_pb_button][\/et_pb_column][et_pb_column type=&#8221;3_5&#8243; _builder_version=&#8221;4.22.2&#8243; _module_preset=&#8221;default&#8221; custom_padding=&#8221;||||false|false&#8221; custom_padding_tablet=&#8221;|0px|||false|false&#8221; custom_padding_phone=&#8221;|0px|||false|false&#8221; custom_padding_last_edited=&#8221;on|tablet&#8221; global_colors_info=&#8221;{}&#8221;][et_pb_text _builder_version=&#8221;4.23.1&#8243; _module_preset=&#8221;default&#8221; text_font=&#8221;|300|||||||&#8221; text_text_color=&#8221;gcid-b5e5d87c-b405-4b54-bc9d-e694ebdbfd17&#8243; text_font_size=&#8221;16px&#8221; text_line_height=&#8221;1.6em&#8221; custom_margin=&#8221;0px||0px||false|false&#8221; custom_padding=&#8221;0px||0px||false|false&#8221; hover_enabled=&#8221;0&#8243; text_font_size_tablet=&#8221;18px&#8221; text_font_size_phone=&#8221;16px&#8221; text_font_size_last_edited=&#8221;on|phone&#8221; global_colors_info=&#8221;{%22gcid-b5e5d87c-b405-4b54-bc9d-e694ebdbfd17%22:%91%22text_text_color%22%93}&#8221; sticky_enabled=&#8221;0&#8243;]<\/p>\n<p>METAL-PLASTIKA is a manufacturing business founded in 1993 by Mirko Zdjeli\u010dan. After getting acquainted with the work and needs of animal feed mixing plants and similar production plants in 1998. expanded (increased) many years of experience in the manufacture of tools and machine parts with the manufacture of grain transport equipment. 2001. silos were also added to the production program.<\/p>\n<p>We achieved (it was achieved) the increase in business space by building a locksmith workshop at the current address and headquarters of the trade in Vara\u017edin, Vara\u017edinska street &#8211; branch III 6, Jalkovec. At the end of 2009 with the retirement of Mirko, daughter Dubravka Zdjeli\u010dan takes over the ownership of the craft and continues the long-standing family tradition.<\/p>\n<p>[\/et_pb_text][et_pb_image src=&#8221;https:\/\/metal-plastika.hr\/wp-content\/uploads\/2023\/11\/2023-03-10-1.jpg&#8221; title_text=&#8221;2023-03-10 (1)&#8221; force_fullwidth=&#8221;on&#8221; _builder_version=&#8221;4.22.2&#8243; _module_preset=&#8221;default&#8221; custom_margin=&#8221;36px|||||&#8221; global_colors_info=&#8221;{}&#8221;][\/et_pb_image][\/et_pb_column][\/et_pb_row][\/et_pb_section]<\/p>\n","protected":false},"excerpt":{"rendered":"<p>ABOUT USMETAL-PLASTIKA Vara\u017edin, Vara\u017edinska street &#8211; branch III 6, Jalkovec.For the last 20 years or so, METAL-PLASTIKA has specialized in the production of equipment for storing, transporting and cleaning grains.METAL-PLASTIKA offers quality silos, transport systems and grain cleaning equipment that are ideal for various storage and transport needs. Our hopper silos ensure even dosing and [&hellip;]<\/p>\n","protected":false},"author":1,"featured_media":0,"parent":0,"menu_order":0,"comment_status":"closed","ping_status":"closed","template":"","meta":{"_et_pb_use_builder":"on","_et_pb_old_content":"","_et_gb_content_width":"","footnotes":""},"class_list":["post-418","page","type-page","status-publish","hentry"],"yoast_head":"<!-- This site is optimized with the Yoast SEO plugin v27.0 - https:\/\/yoast.com\/product\/yoast-seo-wordpress\/ -->\n<title>About us - METAL-PLASTIKA<\/title>\n<meta name=\"description\" content=\"For the last 20 years or so, METAL-PLASTIKA has specialized in the production of equipment for storing, transporting and cleaning grains.\" \/>\n<meta name=\"robots\" content=\"index, follow, max-snippet:-1, max-image-preview:large, max-video-preview:-1\" \/>\n<link rel=\"canonical\" href=\"https:\/\/metal-plastika.hr\/en\/about-us\/\" \/>\n<meta property=\"og:locale\" content=\"en_US\" \/>\n<meta property=\"og:type\" content=\"article\" \/>\n<meta property=\"og:title\" content=\"About us - METAL-PLASTIKA\" \/>\n<meta property=\"og:description\" content=\"For the last 20 years or so, METAL-PLASTIKA has specialized in the production of equipment for storing, transporting and cleaning grains.\" \/>\n<meta property=\"og:url\" content=\"https:\/\/metal-plastika.hr\/en\/about-us\/\" \/>\n<meta property=\"og:site_name\" content=\"METAL-PLASTIKA\" \/>\n<meta property=\"article:modified_time\" content=\"2023-11-20T10:18:22+00:00\" \/>\n<meta name=\"twitter:card\" content=\"summary_large_image\" \/>\n<meta name=\"twitter:label1\" content=\"Est. reading time\" \/>\n\t<meta name=\"twitter:data1\" content=\"7 minutes\" \/>\n<script type=\"application\/ld+json\" class=\"yoast-schema-graph\">{\"@context\":\"https:\/\/schema.org\",\"@graph\":[{\"@type\":\"WebPage\",\"@id\":\"https:\/\/metal-plastika.hr\/en\/about-us\/\",\"url\":\"https:\/\/metal-plastika.hr\/en\/about-us\/\",\"name\":\"About us - METAL-PLASTIKA\",\"isPartOf\":{\"@id\":\"https:\/\/metal-plastika.hr\/en\/#website\"},\"datePublished\":\"2023-11-11T15:58:56+00:00\",\"dateModified\":\"2023-11-20T10:18:22+00:00\",\"description\":\"For the last 20 years or so, METAL-PLASTIKA has specialized in the production of equipment for storing, transporting and cleaning grains.\",\"breadcrumb\":{\"@id\":\"https:\/\/metal-plastika.hr\/en\/about-us\/#breadcrumb\"},\"inLanguage\":\"en-US\",\"potentialAction\":[{\"@type\":\"ReadAction\",\"target\":[\"https:\/\/metal-plastika.hr\/en\/about-us\/\"]}]},{\"@type\":\"BreadcrumbList\",\"@id\":\"https:\/\/metal-plastika.hr\/en\/about-us\/#breadcrumb\",\"itemListElement\":[{\"@type\":\"ListItem\",\"position\":1,\"name\":\"Po\u010detna stranica\",\"item\":\"https:\/\/metal-plastika.hr\/en\/intro\/\"},{\"@type\":\"ListItem\",\"position\":2,\"name\":\"About us\"}]},{\"@type\":\"WebSite\",\"@id\":\"https:\/\/metal-plastika.hr\/en\/#website\",\"url\":\"https:\/\/metal-plastika.hr\/en\/\",\"name\":\"METAL-PLASTIKA\",\"description\":\"Proizvodnja opreme za skladi\u0161tenje, transport i \u010di\u0161\u010denje \u017eitarica\",\"publisher\":{\"@id\":\"https:\/\/metal-plastika.hr\/en\/#organization\"},\"potentialAction\":[{\"@type\":\"SearchAction\",\"target\":{\"@type\":\"EntryPoint\",\"urlTemplate\":\"https:\/\/metal-plastika.hr\/en\/?s={search_term_string}\"},\"query-input\":{\"@type\":\"PropertyValueSpecification\",\"valueRequired\":true,\"valueName\":\"search_term_string\"}}],\"inLanguage\":\"en-US\"},{\"@type\":\"Organization\",\"@id\":\"https:\/\/metal-plastika.hr\/en\/#organization\",\"name\":\"METAL-PLASTIKA\",\"url\":\"https:\/\/metal-plastika.hr\/en\/\",\"logo\":{\"@type\":\"ImageObject\",\"inLanguage\":\"en-US\",\"@id\":\"https:\/\/metal-plastika.hr\/en\/#\/schema\/logo\/image\/\",\"url\":\"https:\/\/metal-plastika.hr\/wp-content\/uploads\/2023\/10\/logo-org.-45x167-1.png\",\"contentUrl\":\"https:\/\/metal-plastika.hr\/wp-content\/uploads\/2023\/10\/logo-org.-45x167-1.png\",\"width\":531,\"height\":198,\"caption\":\"METAL-PLASTIKA\"},\"image\":{\"@id\":\"https:\/\/metal-plastika.hr\/en\/#\/schema\/logo\/image\/\"}}]}<\/script>\n<!-- \/ Yoast SEO plugin. -->","yoast_head_json":{"title":"About us - METAL-PLASTIKA","description":"For the last 20 years or so, METAL-PLASTIKA has specialized in the production of equipment for storing, transporting and cleaning grains.","robots":{"index":"index","follow":"follow","max-snippet":"max-snippet:-1","max-image-preview":"max-image-preview:large","max-video-preview":"max-video-preview:-1"},"canonical":"https:\/\/metal-plastika.hr\/en\/about-us\/","og_locale":"en_US","og_type":"article","og_title":"About us - METAL-PLASTIKA","og_description":"For the last 20 years or so, METAL-PLASTIKA has specialized in the production of equipment for storing, transporting and cleaning grains.","og_url":"https:\/\/metal-plastika.hr\/en\/about-us\/","og_site_name":"METAL-PLASTIKA","article_modified_time":"2023-11-20T10:18:22+00:00","twitter_card":"summary_large_image","twitter_misc":{"Est. reading time":"7 minutes"},"schema":{"@context":"https:\/\/schema.org","@graph":[{"@type":"WebPage","@id":"https:\/\/metal-plastika.hr\/en\/about-us\/","url":"https:\/\/metal-plastika.hr\/en\/about-us\/","name":"About us - METAL-PLASTIKA","isPartOf":{"@id":"https:\/\/metal-plastika.hr\/en\/#website"},"datePublished":"2023-11-11T15:58:56+00:00","dateModified":"2023-11-20T10:18:22+00:00","description":"For the last 20 years or so, METAL-PLASTIKA has specialized in the production of equipment for storing, transporting and cleaning grains.","breadcrumb":{"@id":"https:\/\/metal-plastika.hr\/en\/about-us\/#breadcrumb"},"inLanguage":"en-US","potentialAction":[{"@type":"ReadAction","target":["https:\/\/metal-plastika.hr\/en\/about-us\/"]}]},{"@type":"BreadcrumbList","@id":"https:\/\/metal-plastika.hr\/en\/about-us\/#breadcrumb","itemListElement":[{"@type":"ListItem","position":1,"name":"Po\u010detna stranica","item":"https:\/\/metal-plastika.hr\/en\/intro\/"},{"@type":"ListItem","position":2,"name":"About us"}]},{"@type":"WebSite","@id":"https:\/\/metal-plastika.hr\/en\/#website","url":"https:\/\/metal-plastika.hr\/en\/","name":"METAL-PLASTIKA","description":"Proizvodnja opreme za skladi\u0161tenje, transport i \u010di\u0161\u010denje \u017eitarica","publisher":{"@id":"https:\/\/metal-plastika.hr\/en\/#organization"},"potentialAction":[{"@type":"SearchAction","target":{"@type":"EntryPoint","urlTemplate":"https:\/\/metal-plastika.hr\/en\/?s={search_term_string}"},"query-input":{"@type":"PropertyValueSpecification","valueRequired":true,"valueName":"search_term_string"}}],"inLanguage":"en-US"},{"@type":"Organization","@id":"https:\/\/metal-plastika.hr\/en\/#organization","name":"METAL-PLASTIKA","url":"https:\/\/metal-plastika.hr\/en\/","logo":{"@type":"ImageObject","inLanguage":"en-US","@id":"https:\/\/metal-plastika.hr\/en\/#\/schema\/logo\/image\/","url":"https:\/\/metal-plastika.hr\/wp-content\/uploads\/2023\/10\/logo-org.-45x167-1.png","contentUrl":"https:\/\/metal-plastika.hr\/wp-content\/uploads\/2023\/10\/logo-org.-45x167-1.png","width":531,"height":198,"caption":"METAL-PLASTIKA"},"image":{"@id":"https:\/\/metal-plastika.hr\/en\/#\/schema\/logo\/image\/"}}]}},"_links":{"self":[{"href":"https:\/\/metal-plastika.hr\/en\/wp-json\/wp\/v2\/pages\/418","targetHints":{"allow":["GET"]}}],"collection":[{"href":"https:\/\/metal-plastika.hr\/en\/wp-json\/wp\/v2\/pages"}],"about":[{"href":"https:\/\/metal-plastika.hr\/en\/wp-json\/wp\/v2\/types\/page"}],"author":[{"embeddable":true,"href":"https:\/\/metal-plastika.hr\/en\/wp-json\/wp\/v2\/users\/1"}],"replies":[{"embeddable":true,"href":"https:\/\/metal-plastika.hr\/en\/wp-json\/wp\/v2\/comments?post=418"}],"version-history":[{"count":7,"href":"https:\/\/metal-plastika.hr\/en\/wp-json\/wp\/v2\/pages\/418\/revisions"}],"predecessor-version":[{"id":489,"href":"https:\/\/metal-plastika.hr\/en\/wp-json\/wp\/v2\/pages\/418\/revisions\/489"}],"wp:attachment":[{"href":"https:\/\/metal-plastika.hr\/en\/wp-json\/wp\/v2\/media?parent=418"}],"curies":[{"name":"wp","href":"https:\/\/api.w.org\/{rel}","templated":true}]}}