{"id":415,"date":"2023-11-11T17:07:42","date_gmt":"2023-11-11T16:07:42","guid":{"rendered":"https:\/\/metal-plastika.hr\/contact\/"},"modified":"2023-11-20T11:17:43","modified_gmt":"2023-11-20T10:17:43","slug":"contact","status":"publish","type":"page","link":"https:\/\/metal-plastika.hr\/en\/contact\/","title":{"rendered":"Contact"},"content":{"rendered":"<p>[et_pb_section fb_built=&#8221;1&#8243; custom_padding_last_edited=&#8221;on|phone&#8221; _builder_version=&#8221;4.23.1&#8243; _module_preset=&#8221;default&#8221; custom_margin_tablet=&#8221;&#8221; custom_margin_phone=&#8221;||0px||false|false&#8221; custom_margin_last_edited=&#8221;on|phone&#8221; custom_padding=&#8221;37px|||||&#8221; custom_padding_tablet=&#8221;37px|||||&#8221; custom_padding_phone=&#8221;0px||0px||false|false&#8221; global_colors_info=&#8221;{}&#8221;][et_pb_row column_structure=&#8221;2_5,3_5&#8243; use_custom_gutter=&#8221;on&#8221; gutter_width=&#8221;2&#8243; _builder_version=&#8221;4.23.1&#8243; _module_preset=&#8221;default&#8221; width=&#8221;90%&#8221; custom_margin=&#8221;0px|auto|0px|auto|false|false&#8221; custom_margin_tablet=&#8221;0px||89px||false|false&#8221; custom_margin_phone=&#8221;0px||0px||false|false&#8221; custom_margin_last_edited=&#8221;on|phone&#8221; custom_padding=&#8221;37px||9px||false|false&#8221; global_colors_info=&#8221;{}&#8221;][et_pb_column type=&#8221;2_5&#8243; _builder_version=&#8221;4.19.4&#8243; _module_preset=&#8221;default&#8221; global_colors_info=&#8221;{}&#8221;][et_pb_text _builder_version=&#8221;4.22.2&#8243; _module_preset=&#8221;default&#8221; header_4_font=&#8221;||||||||&#8221; header_4_text_align=&#8221;left&#8221; header_4_text_color=&#8221;gcid-0b0ff22d-580d-44ed-936b-6ad7bd381cf1&#8243; custom_margin=&#8221;0px||20px||false|false&#8221; custom_padding=&#8221;0px||0px||false|false&#8221; custom_css_main_element=&#8221;display:inline-block;&#8221; custom_css_after=&#8221;content: &#8221;;||    position: absolute;||    width: 30px;||    height: 1px;||    background-color: #22b24c;||    right: -43px;||    top: 5px;&#8221; global_colors_info=&#8221;{%22gcid-0b0ff22d-580d-44ed-936b-6ad7bd381cf1%22:%91%22header_4_text_color%22%93}&#8221;]<\/p>\n<h4>ADDRESS AND CONTACT<\/h4>\n<p>[\/et_pb_text][et_pb_text _builder_version=&#8221;4.23.1&#8243; _module_preset=&#8221;default&#8221; text_font=&#8221;Trebuchet||||||||&#8221; text_text_color=&#8221;gcid-b5e5d87c-b405-4b54-bc9d-e694ebdbfd17&#8243; text_font_size=&#8221;18px&#8221; header_font=&#8221;|700|||||||&#8221; header_text_align=&#8221;left&#8221; header_text_color=&#8221;gcid-b5e5d87c-b405-4b54-bc9d-e694ebdbfd17&#8243; header_font_size=&#8221;50px&#8221; header_letter_spacing=&#8221;2px&#8221; header_2_font=&#8221;|700|||||||&#8221; header_2_text_color=&#8221;gcid-b5e5d87c-b405-4b54-bc9d-e694ebdbfd17&#8243; header_2_font_size=&#8221;40px&#8221; max_width=&#8221;670px&#8221; max_width_tablet=&#8221;70%&#8221; max_width_phone=&#8221;100%&#8221; max_width_last_edited=&#8221;on|tablet&#8221; custom_margin=&#8221;0px||0px||false|false&#8221; custom_margin_tablet=&#8221;0px||0px||false|false&#8221; custom_margin_phone=&#8221;0px||-10px||false|false&#8221; custom_margin_last_edited=&#8221;on|phone&#8221; custom_padding=&#8221;0px||25px||false|false&#8221; hover_enabled=&#8221;0&#8243; text_font_size_tablet=&#8221;20px&#8221; text_font_size_phone=&#8221;16px&#8221; text_font_size_last_edited=&#8221;on|phone&#8221; header_font_size_tablet=&#8221;68px&#8221; header_font_size_phone=&#8221;58px&#8221; header_font_size_last_edited=&#8221;on|tablet&#8221; header_2_font_size_tablet=&#8221;40px&#8221; header_2_font_size_phone=&#8221;30px&#8221; header_2_font_size_last_edited=&#8221;on|phone&#8221; global_colors_info=&#8221;{%22gcid-b5e5d87c-b405-4b54-bc9d-e694ebdbfd17%22:%91%22text_text_color%22,%22header_text_color%22,%22header_2_text_color%22%93}&#8221; sticky_enabled=&#8221;0&#8243;]<\/p>\n<h2>METAL-PLASTIKA<\/h2>\n<p>Vara\u017edin, Vara\u017edinska street &#8211; branch III 6, Jalkovec.<\/p>\n<p>[\/et_pb_text][et_pb_image src=&#8221;https:\/\/metal-plastika.hr\/wp-content\/uploads\/2023\/11\/mp-favicon1.png&#8221; title_text=&#8221;mp-favicon1&#8243; _builder_version=&#8221;4.23.1&#8243; _module_preset=&#8221;default&#8221; width=&#8221;46%&#8221; width_tablet=&#8221;46%&#8221; width_phone=&#8221;200px&#8221; width_last_edited=&#8221;on|phone&#8221; custom_margin=&#8221;||54px|||&#8221; custom_margin_tablet=&#8221;||54px|||&#8221; custom_margin_phone=&#8221;||25px||false|false&#8221; custom_margin_last_edited=&#8221;on|phone&#8221; global_colors_info=&#8221;{}&#8221;][\/et_pb_image][et_pb_blurb title=&#8221;042\/370 300 | 091\/579 0889 &#8221; use_icon=&#8221;on&#8221; font_icon=&#8221;&#xf098;||fa||900&#8243; icon_placement=&#8221;left&#8221; image_icon_width_tablet=&#8221;&#8221; image_icon_width_phone=&#8221;20px&#8221; image_icon_width_last_edited=&#8221;on|phone&#8221; _builder_version=&#8221;4.23.1&#8243; _module_preset=&#8221;default&#8221; header_font_size=&#8221;22px&#8221; custom_margin_tablet=&#8221;&#8221; custom_margin_phone=&#8221;||0px||false|false&#8221; custom_margin_last_edited=&#8221;on|phone&#8221; hover_enabled=&#8221;0&#8243; header_font_size_tablet=&#8221;22px&#8221; header_font_size_phone=&#8221;18px&#8221; header_font_size_last_edited=&#8221;on|phone&#8221; global_colors_info=&#8221;{}&#8221; image_icon_width=&#8221;30px&#8221; sticky_enabled=&#8221;0&#8243;][\/et_pb_blurb][et_pb_blurb title=&#8221;info@metal-plastika.hr&#8221; use_icon=&#8221;on&#8221; font_icon=&#8221;&#xf3e5;||fa||900&#8243; icon_placement=&#8221;left&#8221; image_icon_width=&#8221;28px&#8221; image_icon_width_tablet=&#8221;28px&#8221; image_icon_width_phone=&#8221;20px&#8221; image_icon_width_last_edited=&#8221;on|phone&#8221; _builder_version=&#8221;4.23.1&#8243; _module_preset=&#8221;default&#8221; header_font_size=&#8221;22px&#8221; custom_margin=&#8221;8px||||false|false&#8221; custom_margin_tablet=&#8221;8px||||false|false&#8221; custom_margin_phone=&#8221;8px||0px||false|false&#8221; custom_margin_last_edited=&#8221;on|phone&#8221; header_font_size_tablet=&#8221;22px&#8221; header_font_size_phone=&#8221;18px&#8221; header_font_size_last_edited=&#8221;on|phone&#8221; global_colors_info=&#8221;{}&#8221;][\/et_pb_blurb][et_pb_divider _builder_version=&#8221;4.22.2&#8243; _module_preset=&#8221;default&#8221; custom_margin=&#8221;||7px||false|&#8221; custom_padding=&#8221;20px||||false|false&#8221; global_colors_info=&#8221;{}&#8221;][\/et_pb_divider][\/et_pb_column][et_pb_column type=&#8221;3_5&#8243; _builder_version=&#8221;4.22.2&#8243; _module_preset=&#8221;default&#8221; custom_padding=&#8221;||||false|false&#8221; custom_padding_tablet=&#8221;|0px|||false|false&#8221; custom_padding_phone=&#8221;|0px|||false|false&#8221; custom_padding_last_edited=&#8221;on|tablet&#8221; global_colors_info=&#8221;{}&#8221;][et_pb_text _builder_version=&#8221;4.23.1&#8243; _module_preset=&#8221;default&#8221; text_font=&#8221;Trebuchet|300|||||||&#8221; text_text_color=&#8221;gcid-b5e5d87c-b405-4b54-bc9d-e694ebdbfd17&#8243; text_font_size=&#8221;16px&#8221; header_font=&#8221;|700|||||||&#8221; header_text_align=&#8221;left&#8221; header_text_color=&#8221;gcid-b5e5d87c-b405-4b54-bc9d-e694ebdbfd17&#8243; header_font_size=&#8221;50px&#8221; header_letter_spacing=&#8221;2px&#8221; header_2_text_color=&#8221;gcid-b5e5d87c-b405-4b54-bc9d-e694ebdbfd17&#8243; header_2_font_size=&#8221;30px&#8221; text_orientation=&#8221;right&#8221; max_width_tablet=&#8221;70%&#8221; max_width_phone=&#8221;100%&#8221; max_width_last_edited=&#8221;on|tablet&#8221; custom_margin=&#8221;0px||0px||false|false&#8221; custom_margin_tablet=&#8221;0px||0px||false|false&#8221; custom_margin_phone=&#8221;0px||-10px||false|false&#8221; custom_margin_last_edited=&#8221;on|phone&#8221; custom_padding=&#8221;0px||25px||false|false&#8221; hover_enabled=&#8221;0&#8243; header_font_size_tablet=&#8221;68px&#8221; header_font_size_phone=&#8221;40px&#8221; header_font_size_last_edited=&#8221;on|tablet&#8221; header_2_text_align_tablet=&#8221;&#8221; header_2_text_align_phone=&#8221;left&#8221; header_2_text_align_last_edited=&#8221;on|phone&#8221; header_2_font_size_tablet=&#8221;30px&#8221; header_2_font_size_phone=&#8221;25px&#8221; header_2_font_size_last_edited=&#8221;on|phone&#8221; text_orientation_tablet=&#8221;right&#8221; text_orientation_phone=&#8221;left&#8221; text_orientation_last_edited=&#8221;on|phone&#8221; global_colors_info=&#8221;{%22gcid-b5e5d87c-b405-4b54-bc9d-e694ebdbfd17%22:%91%22text_text_color%22,%22header_text_color%22,%22header_2_text_color%22%93}&#8221; sticky_enabled=&#8221;0&#8243;]<\/p>\n<h2>CONTACT FORM<\/h2>\n<p>Contact us for all questions and agreements regarding cooperation.<\/p>\n<p>[\/et_pb_text][et_pb_contact_form use_spam_service=&#8221;on&#8221; recaptcha_list=&#8221;Default|Default-0&#8243; email=&#8221;info@metal-plastika.hr&#8221; success_message=&#8221;The request was successfully sent&#8221; submit_button_text=&#8221;SEND&#8221; _builder_version=&#8221;4.23.1&#8243; _module_preset=&#8221;default&#8221; _unique_id=&#8221;54043749-b3f2-4a94-9bc7-8b50b9005236&#8243; form_field_background_color=&#8221;#FFFFFF&#8221; form_field_text_color=&#8221;gcid-b5e5d87c-b405-4b54-bc9d-e694ebdbfd17&#8243; form_field_text_align=&#8221;left&#8221; hover_enabled=&#8221;0&#8243; custom_css_contact_fields=&#8221;border: 1px solid #000 !important;&#8221; custom_css_text_field=&#8221;border: 1px solid #000;&#8221; global_colors_info=&#8221;{%22gcid-b5e5d87c-b405-4b54-bc9d-e694ebdbfd17%22:%91%22form_field_text_color%22%93}&#8221; sticky_enabled=&#8221;0&#8243;][et_pb_contact_field field_id=&#8221;Name&#8221; field_title=&#8221;Name and surname&#8221; _builder_version=&#8221;4.22.2&#8243; global_colors_info=&#8221;{}&#8221; button_text_size__hover_enabled=&#8221;off&#8221; button_one_text_size__hover_enabled=&#8221;off&#8221; button_two_text_size__hover_enabled=&#8221;off&#8221; button_text_color__hover_enabled=&#8221;off&#8221; button_one_text_color__hover_enabled=&#8221;off&#8221; button_two_text_color__hover_enabled=&#8221;off&#8221; button_border_width__hover_enabled=&#8221;off&#8221; button_one_border_width__hover_enabled=&#8221;off&#8221; button_two_border_width__hover_enabled=&#8221;off&#8221; button_border_color__hover_enabled=&#8221;off&#8221; button_one_border_color__hover_enabled=&#8221;off&#8221; button_two_border_color__hover_enabled=&#8221;off&#8221; button_border_radius__hover_enabled=&#8221;off&#8221; button_one_border_radius__hover_enabled=&#8221;off&#8221; button_two_border_radius__hover_enabled=&#8221;off&#8221; button_letter_spacing__hover_enabled=&#8221;off&#8221; button_one_letter_spacing__hover_enabled=&#8221;off&#8221; button_two_letter_spacing__hover_enabled=&#8221;off&#8221; button_bg_color__hover_enabled=&#8221;off&#8221; button_one_bg_color__hover_enabled=&#8221;off&#8221; button_two_bg_color__hover_enabled=&#8221;off&#8221;][\/et_pb_contact_field][et_pb_contact_field field_id=&#8221;Nametvtka&#8221; field_title=&#8221;Company name&#8221; _builder_version=&#8221;4.22.2&#8243; global_colors_info=&#8221;{}&#8221; button_text_size__hover_enabled=&#8221;off&#8221; button_one_text_size__hover_enabled=&#8221;off&#8221; button_two_text_size__hover_enabled=&#8221;off&#8221; button_text_color__hover_enabled=&#8221;off&#8221; button_one_text_color__hover_enabled=&#8221;off&#8221; button_two_text_color__hover_enabled=&#8221;off&#8221; button_border_width__hover_enabled=&#8221;off&#8221; button_one_border_width__hover_enabled=&#8221;off&#8221; button_two_border_width__hover_enabled=&#8221;off&#8221; button_border_color__hover_enabled=&#8221;off&#8221; button_one_border_color__hover_enabled=&#8221;off&#8221; button_two_border_color__hover_enabled=&#8221;off&#8221; button_border_radius__hover_enabled=&#8221;off&#8221; button_one_border_radius__hover_enabled=&#8221;off&#8221; button_two_border_radius__hover_enabled=&#8221;off&#8221; button_letter_spacing__hover_enabled=&#8221;off&#8221; button_one_letter_spacing__hover_enabled=&#8221;off&#8221; button_two_letter_spacing__hover_enabled=&#8221;off&#8221; button_bg_color__hover_enabled=&#8221;off&#8221; button_one_bg_color__hover_enabled=&#8221;off&#8221; button_two_bg_color__hover_enabled=&#8221;off&#8221;][\/et_pb_contact_field][et_pb_contact_field field_id=&#8221;phoneid&#8221; field_title=&#8221;Telephone number&#8221; _builder_version=&#8221;4.22.2&#8243; global_colors_info=&#8221;{}&#8221; button_text_size__hover_enabled=&#8221;off&#8221; button_one_text_size__hover_enabled=&#8221;off&#8221; button_two_text_size__hover_enabled=&#8221;off&#8221; button_text_color__hover_enabled=&#8221;off&#8221; button_one_text_color__hover_enabled=&#8221;off&#8221; button_two_text_color__hover_enabled=&#8221;off&#8221; button_border_width__hover_enabled=&#8221;off&#8221; button_one_border_width__hover_enabled=&#8221;off&#8221; button_two_border_width__hover_enabled=&#8221;off&#8221; button_border_color__hover_enabled=&#8221;off&#8221; button_one_border_color__hover_enabled=&#8221;off&#8221; button_two_border_color__hover_enabled=&#8221;off&#8221; button_border_radius__hover_enabled=&#8221;off&#8221; button_one_border_radius__hover_enabled=&#8221;off&#8221; button_two_border_radius__hover_enabled=&#8221;off&#8221; button_letter_spacing__hover_enabled=&#8221;off&#8221; button_one_letter_spacing__hover_enabled=&#8221;off&#8221; button_two_letter_spacing__hover_enabled=&#8221;off&#8221; button_bg_color__hover_enabled=&#8221;off&#8221; button_one_bg_color__hover_enabled=&#8221;off&#8221; button_two_bg_color__hover_enabled=&#8221;off&#8221;][\/et_pb_contact_field][et_pb_contact_field field_id=&#8221;Emailid&#8221; field_title=&#8221;Email&#8221; field_type=&#8221;email&#8221; _builder_version=&#8221;4.22.2&#8243; global_colors_info=&#8221;{}&#8221; button_text_size__hover_enabled=&#8221;off&#8221; button_one_text_size__hover_enabled=&#8221;off&#8221; button_two_text_size__hover_enabled=&#8221;off&#8221; button_text_color__hover_enabled=&#8221;off&#8221; button_one_text_color__hover_enabled=&#8221;off&#8221; button_two_text_color__hover_enabled=&#8221;off&#8221; button_border_width__hover_enabled=&#8221;off&#8221; button_one_border_width__hover_enabled=&#8221;off&#8221; button_two_border_width__hover_enabled=&#8221;off&#8221; button_border_color__hover_enabled=&#8221;off&#8221; button_one_border_color__hover_enabled=&#8221;off&#8221; button_two_border_color__hover_enabled=&#8221;off&#8221; button_border_radius__hover_enabled=&#8221;off&#8221; button_one_border_radius__hover_enabled=&#8221;off&#8221; button_two_border_radius__hover_enabled=&#8221;off&#8221; button_letter_spacing__hover_enabled=&#8221;off&#8221; button_one_letter_spacing__hover_enabled=&#8221;off&#8221; button_two_letter_spacing__hover_enabled=&#8221;off&#8221; button_bg_color__hover_enabled=&#8221;off&#8221; button_one_bg_color__hover_enabled=&#8221;off&#8221; button_two_bg_color__hover_enabled=&#8221;off&#8221;][\/et_pb_contact_field][et_pb_contact_field field_id=&#8221;Message&#8221; field_title=&#8221;Message&#8221; field_type=&#8221;text&#8221; fullwidth_field=&#8221;on&#8221; _builder_version=&#8221;4.22.2&#8243; form_field_background_color=&#8221;RGBA(255,255,255,0)&#8221; global_colors_info=&#8221;{}&#8221; button_text_size__hover_enabled=&#8221;off&#8221; button_one_text_size__hover_enabled=&#8221;off&#8221; button_two_text_size__hover_enabled=&#8221;off&#8221; button_text_color__hover_enabled=&#8221;off&#8221; button_one_text_color__hover_enabled=&#8221;off&#8221; button_two_text_color__hover_enabled=&#8221;off&#8221; button_border_width__hover_enabled=&#8221;off&#8221; button_one_border_width__hover_enabled=&#8221;off&#8221; button_two_border_width__hover_enabled=&#8221;off&#8221; button_border_color__hover_enabled=&#8221;off&#8221; button_one_border_color__hover_enabled=&#8221;off&#8221; button_two_border_color__hover_enabled=&#8221;off&#8221; button_border_radius__hover_enabled=&#8221;off&#8221; button_one_border_radius__hover_enabled=&#8221;off&#8221; button_two_border_radius__hover_enabled=&#8221;off&#8221; button_letter_spacing__hover_enabled=&#8221;off&#8221; button_one_letter_spacing__hover_enabled=&#8221;off&#8221; button_two_letter_spacing__hover_enabled=&#8221;off&#8221; button_bg_color__hover_enabled=&#8221;off&#8221; button_one_bg_color__hover_enabled=&#8221;off&#8221; button_two_bg_color__hover_enabled=&#8221;off&#8221;][\/et_pb_contact_field][\/et_pb_contact_form][\/et_pb_column][\/et_pb_row][et_pb_row column_structure=&#8221;1_2,1_2&#8243; use_custom_gutter=&#8221;on&#8221; _builder_version=&#8221;4.22.2&#8243; _module_preset=&#8221;default&#8221; width=&#8221;90%&#8221; global_colors_info=&#8221;{}&#8221;][et_pb_column type=&#8221;1_2&#8243; _builder_version=&#8221;4.22.2&#8243; _module_preset=&#8221;default&#8221; global_colors_info=&#8221;{}&#8221;][et_pb_image src=&#8221;https:\/\/metal-plastika.hr\/wp-content\/uploads\/2023\/11\/2023-03-10-1.jpg&#8221; title_text=&#8221;2023-03-10 (1)&#8221; force_fullwidth=&#8221;on&#8221; _builder_version=&#8221;4.22.2&#8243; _module_preset=&#8221;default&#8221; height=&#8221;470px&#8221; custom_margin=&#8221;0px||||false|false&#8221; global_colors_info=&#8221;{}&#8221;][\/et_pb_image][\/et_pb_column][et_pb_column type=&#8221;1_2&#8243; _builder_version=&#8221;4.22.2&#8243; _module_preset=&#8221;default&#8221; global_colors_info=&#8221;{}&#8221;][et_pb_code _builder_version=&#8221;4.22.2&#8243; _module_preset=&#8221;default&#8221; global_colors_info=&#8221;{}&#8221;]<iframe src=\"https:\/\/www.google.com\/maps\/embed?pb=!1m14!1m8!1m3!1d11028.43499012636!2d16.3189993!3d46.2878137!3m2!1i1024!2i768!4f13.1!3m3!1m2!1s0x4768abbc25497ee3%3A0x7ad8d73ef5033c56!2sMETAL-PLASTIKA!5e0!3m2!1shr!2shr!4v1699718497549!5m2!1shr!2shr\" width=\"100%\" height=\"470\" style=\"border:0;\" allowfullscreen=\"\" loading=\"lazy\" referrerpolicy=\"no-referrer-when-downgrade\"><\/iframe>[\/et_pb_code][\/et_pb_column][\/et_pb_row][\/et_pb_section]<\/p>\n","protected":false},"excerpt":{"rendered":"<p>ADDRESS AND CONTACTMETAL-PLASTIKA Vara\u017edin, Vara\u017edinska street &#8211; branch III 6, Jalkovec.CONTACT FORM Contact us for all questions and agreements regarding cooperation.<\/p>\n","protected":false},"author":1,"featured_media":0,"parent":0,"menu_order":0,"comment_status":"closed","ping_status":"closed","template":"","meta":{"_et_pb_use_builder":"on","_et_pb_old_content":"","_et_gb_content_width":"","footnotes":""},"class_list":["post-415","page","type-page","status-publish","hentry"],"yoast_head":"<!-- This site is optimized with the Yoast SEO plugin v27.0 - https:\/\/yoast.com\/product\/yoast-seo-wordpress\/ -->\n<title>Contact - METAL-PLASTIKA<\/title>\n<meta name=\"description\" content=\"We are located in Vara\u017edin, at the address Vara\u017edinska street - branch III 6, Jalkovec.\" \/>\n<meta name=\"robots\" content=\"index, follow, max-snippet:-1, max-image-preview:large, max-video-preview:-1\" \/>\n<link rel=\"canonical\" href=\"https:\/\/metal-plastika.hr\/en\/contact\/\" \/>\n<meta property=\"og:locale\" content=\"en_US\" \/>\n<meta property=\"og:type\" content=\"article\" \/>\n<meta property=\"og:title\" content=\"Contact - METAL-PLASTIKA\" \/>\n<meta property=\"og:description\" content=\"We are located in Vara\u017edin, at the address Vara\u017edinska street - branch III 6, Jalkovec.\" \/>\n<meta property=\"og:url\" content=\"https:\/\/metal-plastika.hr\/en\/contact\/\" \/>\n<meta property=\"og:site_name\" content=\"METAL-PLASTIKA\" \/>\n<meta property=\"article:modified_time\" content=\"2023-11-20T10:17:43+00:00\" \/>\n<meta name=\"twitter:card\" content=\"summary_large_image\" \/>\n<meta name=\"twitter:label1\" content=\"Est. reading time\" \/>\n\t<meta name=\"twitter:data1\" content=\"10 minutes\" \/>\n<script type=\"application\/ld+json\" class=\"yoast-schema-graph\">{\"@context\":\"https:\/\/schema.org\",\"@graph\":[{\"@type\":\"WebPage\",\"@id\":\"https:\/\/metal-plastika.hr\/en\/contact\/\",\"url\":\"https:\/\/metal-plastika.hr\/en\/contact\/\",\"name\":\"Contact - METAL-PLASTIKA\",\"isPartOf\":{\"@id\":\"https:\/\/metal-plastika.hr\/en\/#website\"},\"datePublished\":\"2023-11-11T16:07:42+00:00\",\"dateModified\":\"2023-11-20T10:17:43+00:00\",\"description\":\"We are located in Vara\u017edin, at the address Vara\u017edinska street - branch III 6, Jalkovec.\",\"breadcrumb\":{\"@id\":\"https:\/\/metal-plastika.hr\/en\/contact\/#breadcrumb\"},\"inLanguage\":\"en-US\",\"potentialAction\":[{\"@type\":\"ReadAction\",\"target\":[\"https:\/\/metal-plastika.hr\/en\/contact\/\"]}]},{\"@type\":\"BreadcrumbList\",\"@id\":\"https:\/\/metal-plastika.hr\/en\/contact\/#breadcrumb\",\"itemListElement\":[{\"@type\":\"ListItem\",\"position\":1,\"name\":\"Po\u010detna stranica\",\"item\":\"https:\/\/metal-plastika.hr\/en\/intro\/\"},{\"@type\":\"ListItem\",\"position\":2,\"name\":\"Contact\"}]},{\"@type\":\"WebSite\",\"@id\":\"https:\/\/metal-plastika.hr\/en\/#website\",\"url\":\"https:\/\/metal-plastika.hr\/en\/\",\"name\":\"METAL-PLASTIKA\",\"description\":\"Proizvodnja opreme za skladi\u0161tenje, transport i \u010di\u0161\u010denje \u017eitarica\",\"publisher\":{\"@id\":\"https:\/\/metal-plastika.hr\/en\/#organization\"},\"potentialAction\":[{\"@type\":\"SearchAction\",\"target\":{\"@type\":\"EntryPoint\",\"urlTemplate\":\"https:\/\/metal-plastika.hr\/en\/?s={search_term_string}\"},\"query-input\":{\"@type\":\"PropertyValueSpecification\",\"valueRequired\":true,\"valueName\":\"search_term_string\"}}],\"inLanguage\":\"en-US\"},{\"@type\":\"Organization\",\"@id\":\"https:\/\/metal-plastika.hr\/en\/#organization\",\"name\":\"METAL-PLASTIKA\",\"url\":\"https:\/\/metal-plastika.hr\/en\/\",\"logo\":{\"@type\":\"ImageObject\",\"inLanguage\":\"en-US\",\"@id\":\"https:\/\/metal-plastika.hr\/en\/#\/schema\/logo\/image\/\",\"url\":\"https:\/\/metal-plastika.hr\/wp-content\/uploads\/2023\/10\/logo-org.-45x167-1.png\",\"contentUrl\":\"https:\/\/metal-plastika.hr\/wp-content\/uploads\/2023\/10\/logo-org.-45x167-1.png\",\"width\":531,\"height\":198,\"caption\":\"METAL-PLASTIKA\"},\"image\":{\"@id\":\"https:\/\/metal-plastika.hr\/en\/#\/schema\/logo\/image\/\"}}]}<\/script>\n<!-- \/ Yoast SEO plugin. -->","yoast_head_json":{"title":"Contact - METAL-PLASTIKA","description":"We are located in Vara\u017edin, at the address Vara\u017edinska street - branch III 6, Jalkovec.","robots":{"index":"index","follow":"follow","max-snippet":"max-snippet:-1","max-image-preview":"max-image-preview:large","max-video-preview":"max-video-preview:-1"},"canonical":"https:\/\/metal-plastika.hr\/en\/contact\/","og_locale":"en_US","og_type":"article","og_title":"Contact - METAL-PLASTIKA","og_description":"We are located in Vara\u017edin, at the address Vara\u017edinska street - branch III 6, Jalkovec.","og_url":"https:\/\/metal-plastika.hr\/en\/contact\/","og_site_name":"METAL-PLASTIKA","article_modified_time":"2023-11-20T10:17:43+00:00","twitter_card":"summary_large_image","twitter_misc":{"Est. reading time":"10 minutes"},"schema":{"@context":"https:\/\/schema.org","@graph":[{"@type":"WebPage","@id":"https:\/\/metal-plastika.hr\/en\/contact\/","url":"https:\/\/metal-plastika.hr\/en\/contact\/","name":"Contact - METAL-PLASTIKA","isPartOf":{"@id":"https:\/\/metal-plastika.hr\/en\/#website"},"datePublished":"2023-11-11T16:07:42+00:00","dateModified":"2023-11-20T10:17:43+00:00","description":"We are located in Vara\u017edin, at the address Vara\u017edinska street - branch III 6, Jalkovec.","breadcrumb":{"@id":"https:\/\/metal-plastika.hr\/en\/contact\/#breadcrumb"},"inLanguage":"en-US","potentialAction":[{"@type":"ReadAction","target":["https:\/\/metal-plastika.hr\/en\/contact\/"]}]},{"@type":"BreadcrumbList","@id":"https:\/\/metal-plastika.hr\/en\/contact\/#breadcrumb","itemListElement":[{"@type":"ListItem","position":1,"name":"Po\u010detna stranica","item":"https:\/\/metal-plastika.hr\/en\/intro\/"},{"@type":"ListItem","position":2,"name":"Contact"}]},{"@type":"WebSite","@id":"https:\/\/metal-plastika.hr\/en\/#website","url":"https:\/\/metal-plastika.hr\/en\/","name":"METAL-PLASTIKA","description":"Proizvodnja opreme za skladi\u0161tenje, transport i \u010di\u0161\u010denje \u017eitarica","publisher":{"@id":"https:\/\/metal-plastika.hr\/en\/#organization"},"potentialAction":[{"@type":"SearchAction","target":{"@type":"EntryPoint","urlTemplate":"https:\/\/metal-plastika.hr\/en\/?s={search_term_string}"},"query-input":{"@type":"PropertyValueSpecification","valueRequired":true,"valueName":"search_term_string"}}],"inLanguage":"en-US"},{"@type":"Organization","@id":"https:\/\/metal-plastika.hr\/en\/#organization","name":"METAL-PLASTIKA","url":"https:\/\/metal-plastika.hr\/en\/","logo":{"@type":"ImageObject","inLanguage":"en-US","@id":"https:\/\/metal-plastika.hr\/en\/#\/schema\/logo\/image\/","url":"https:\/\/metal-plastika.hr\/wp-content\/uploads\/2023\/10\/logo-org.-45x167-1.png","contentUrl":"https:\/\/metal-plastika.hr\/wp-content\/uploads\/2023\/10\/logo-org.-45x167-1.png","width":531,"height":198,"caption":"METAL-PLASTIKA"},"image":{"@id":"https:\/\/metal-plastika.hr\/en\/#\/schema\/logo\/image\/"}}]}},"_links":{"self":[{"href":"https:\/\/metal-plastika.hr\/en\/wp-json\/wp\/v2\/pages\/415","targetHints":{"allow":["GET"]}}],"collection":[{"href":"https:\/\/metal-plastika.hr\/en\/wp-json\/wp\/v2\/pages"}],"about":[{"href":"https:\/\/metal-plastika.hr\/en\/wp-json\/wp\/v2\/types\/page"}],"author":[{"embeddable":true,"href":"https:\/\/metal-plastika.hr\/en\/wp-json\/wp\/v2\/users\/1"}],"replies":[{"embeddable":true,"href":"https:\/\/metal-plastika.hr\/en\/wp-json\/wp\/v2\/comments?post=415"}],"version-history":[{"count":7,"href":"https:\/\/metal-plastika.hr\/en\/wp-json\/wp\/v2\/pages\/415\/revisions"}],"predecessor-version":[{"id":479,"href":"https:\/\/metal-plastika.hr\/en\/wp-json\/wp\/v2\/pages\/415\/revisions\/479"}],"wp:attachment":[{"href":"https:\/\/metal-plastika.hr\/en\/wp-json\/wp\/v2\/media?parent=415"}],"curies":[{"name":"wp","href":"https:\/\/api.w.org\/{rel}","templated":true}]}}